{"id":2610,"date":"2025-12-16T07:36:17","date_gmt":"2025-12-16T07:36:17","guid":{"rendered":"https:\/\/www.imc-companies.com\/?page_id=2610"},"modified":"2025-12-16T14:41:58","modified_gmt":"2025-12-16T14:41:58","slug":"neoboss","status":"publish","type":"page","link":"https:\/\/www.imc-companies.com\/index.php\/neoboss\/","title":{"rendered":"NEOBOSS"},"content":{"rendered":"<p><a href=\"https:\/\/www.imc-companies.com\/wp-content\/uploads\/2025\/12\/NEOBOSSLogo.png\"><img fetchpriority=\"high\" decoding=\"async\" class=\"alignright wp-image-2141 size-full\" src=\"https:\/\/www.imc-companies.com\/wp-content\/uploads\/2025\/12\/NEOBOSSLogo.png\" alt=\"\" width=\"937\" height=\"213\" \/><\/a><\/p>\n<div class=\"infocompany\"><strong>Contact Information<br \/><\/strong><strong><span style=\"font-size: revert; color: initial;\">NEOBOSS GmbH<br \/><\/span><\/strong><span style=\"font-size: revert; color: initial;\">Im Br\u00fchl 12 D-72406 Bisingen<br \/><\/span><span style=\"font-size: revert; color: initial;\">Tel:+<\/span><span class=\"\" style=\"font-size: revert; color: initial;\">49 (0)7476-9451-0<\/span><span style=\"font-size: revert; color: initial;\">, Fax:+<\/span><span class=\"\" style=\"font-size: revert; color: initial;\">49 (0)7476-9451-45<\/span><span style=\"font-size: revert; color: initial;\"> <br \/><\/span><span style=\"font-size: revert; color: initial;\">E-mail: <\/span><a style=\"font-size: revert;\" href=\"mailto:info@bsw-gmbh.de\">info@bsw-gmbh.de<\/a><br \/><span style=\"font-size: revert; color: initial;\">Website: <\/span><a style=\"font-size: revert;\" href=\"http:\/\/www.neoboss.de\/\" target=\"_blank\" rel=\"noopener noreferrer\">http:\/\/www.neoboss.de\/<\/a><\/div>\n<div class=\"infocompany\">\n<div>\u00a0<\/div>\n<div class=\"infocompany\"><strong><span style=\"font-size: revert; color: initial;\">NEOBOSS TAPS Kft.<br \/><\/span><\/strong><span style=\"font-size: revert; color: initial;\">Dork\u00f3i \u00fat 1. S\u00e1rospatak, 3950 HUNGARY<br \/><\/span><span style=\"font-size: revert; color: initial;\">Tel:+<\/span><span class=\"\" style=\"font-size: revert; color: initial;\">36 47-513-200<\/span><span style=\"font-size: revert; color: initial;\"><br \/><\/span><span style=\"font-size: revert; color: initial;\">E-mail: <\/span><a style=\"font-size: revert;\" href=\"mailto:info@boss2006.hue\">info@boss2006.hu<\/a><br \/><span style=\"font-size: revert; color: initial;\">Website: <\/span><a style=\"font-size: revert;\" href=\"http:\/\/www.neobosstaps.hu\" target=\"_blank\" rel=\"noopener noreferrer\"> http:\/\/www.neobosstaps.hu<\/a><\/div>\n<\/div>\n<div class=\"clearer\"><a href=\"https:\/\/www.imc-companies.com\/wp-content\/uploads\/2025\/12\/20240528_171458-scaled.jpg\"><img decoding=\"async\" class=\"wp-image-2338 size-full alignleft\" src=\"https:\/\/www.imc-companies.com\/wp-content\/uploads\/2025\/12\/20240528_171458-scaled.jpg\" alt=\"\" width=\"300\" height=\"182\" \/><\/a><a href=\"https:\/\/www.imc-companies.com\/wp-content\/uploads\/2025\/12\/20240528_143850-copy-scaled.jpg\"><img decoding=\"async\" class=\"wp-image-2144 size-full alignleft\" src=\"https:\/\/www.imc-companies.com\/wp-content\/uploads\/2025\/12\/20240528_143850-copy-scaled.jpg\" alt=\"\" width=\"300\" height=\"182\" \/><\/a><\/div>\n<div class=\"twocolums\">\n<div class=\"alignleft txtarticle\">\n<p><a href=\"https:\/\/www.imc-companies.com\/wp-content\/uploads\/2025\/12\/Taps.jpg\"><img loading=\"lazy\" decoding=\"async\" class=\"alignright wp-image-2185 size-full\" src=\"https:\/\/www.imc-companies.com\/wp-content\/uploads\/2025\/12\/Taps.jpg\" alt=\"\" width=\"300\" height=\"300\" \/><\/a><\/p>\n<p><strong>NEOBOSS<\/strong> is a recognized manufacturer of high performance cutting and drilling tools for industrial and professional applications. Specializing in precision engineering, the company offers a broad range of products including twist drills, reamers, taps, and solid carbide tools, designed to meet the exacting standards of modern machining.<br \/>With a commitment to quality and innovation, NEOBOSS integrates advanced materials, refined geometries, and rigorous testing processes to ensure optimal performance, tool longevity, and consistent accuracy. Serving industries from automotive to aerospace, NEOBOSS is trusted by manufacturers worldwide for reliable tools that help enhance productivity and machining efficiency.<br \/>.<\/p>\n<\/div>\n<\/div>\n<p><a href=\"https:\/\/www.imc-companies.com\/wp-content\/uploads\/2025\/12\/Small-Map-NEOBOSS.jpg\"><img loading=\"lazy\" decoding=\"async\" class=\"wp-image-2305 size-full alignleft\" src=\"https:\/\/www.imc-companies.com\/wp-content\/uploads\/2025\/12\/Small-Map-NEOBOSS.jpg\" alt=\"\" width=\"600\" height=\"350\" \/><\/a><\/p>\n\n","protected":false},"excerpt":{"rendered":"<div class=\"entry-summary\">\nContact InformationNEOBOSS GmbHIm Br\u00fchl 12 D-72406 BisingenTel:+49 (0)7476-9451-0, Fax:+49 (0)7476-9451-45 E-mail: info@bsw-gmbh.deWebsite:&hellip;\n<\/div>\n<div class=\"link-more\"><a href=\"https:\/\/www.imc-companies.com\/index.php\/neoboss\/\" class=\"more-link\">Continue reading<span class=\"screen-reader-text\"> &ldquo;NEOBOSS&rdquo;<\/span>&hellip;<\/a><\/div>\n","protected":false},"author":3,"featured_media":2624,"parent":0,"menu_order":0,"comment_status":"closed","ping_status":"closed","template":"","meta":{"footnotes":""},"class_list":["post-2610","page","type-page","status-publish","has-post-thumbnail","hentry","entry"],"_links":{"self":[{"href":"https:\/\/www.imc-companies.com\/index.php\/wp-json\/wp\/v2\/pages\/2610","targetHints":{"allow":["GET"]}}],"collection":[{"href":"https:\/\/www.imc-companies.com\/index.php\/wp-json\/wp\/v2\/pages"}],"about":[{"href":"https:\/\/www.imc-companies.com\/index.php\/wp-json\/wp\/v2\/types\/page"}],"author":[{"embeddable":true,"href":"https:\/\/www.imc-companies.com\/index.php\/wp-json\/wp\/v2\/users\/3"}],"replies":[{"embeddable":true,"href":"https:\/\/www.imc-companies.com\/index.php\/wp-json\/wp\/v2\/comments?post=2610"}],"version-history":[{"count":42,"href":"https:\/\/www.imc-companies.com\/index.php\/wp-json\/wp\/v2\/pages\/2610\/revisions"}],"predecessor-version":[{"id":2719,"href":"https:\/\/www.imc-companies.com\/index.php\/wp-json\/wp\/v2\/pages\/2610\/revisions\/2719"}],"wp:featuredmedia":[{"embeddable":true,"href":"https:\/\/www.imc-companies.com\/index.php\/wp-json\/wp\/v2\/media\/2624"}],"wp:attachment":[{"href":"https:\/\/www.imc-companies.com\/index.php\/wp-json\/wp\/v2\/media?parent=2610"}],"curies":[{"name":"wp","href":"https:\/\/api.w.org\/{rel}","templated":true}]}}